{"id":56,"date":"2019-04-18T10:47:57","date_gmt":"2019-04-18T08:47:57","guid":{"rendered":"http:\/\/localhost\/owrk\/?page_id=56"},"modified":"2024-10-07T11:10:17","modified_gmt":"2024-10-07T09:10:17","slug":"o-osrodku","status":"publish","type":"page","link":"https:\/\/rehabilitacjakardiologiczna.kopernik.lodz.pl\/?page_id=56","title":{"rendered":"O O\u015brodku"},"content":{"rendered":"\n<p><\/p>\n\n\n\n<figure class=\"wp-block-image\"><a href=\"https:\/\/szpitale.lodzkie.pl\/kopernik\/bip\/pl\/c\/strona-glowna.html\"><img loading=\"lazy\" decoding=\"async\" width=\"162\" height=\"57\" src=\"https:\/\/rehabilitacjakardiologiczna.kopernik.lodz.pl\/wp-content\/uploads\/2020\/09\/logo_bip.png\" alt=\"Logo Biuletynu Informacji Publicznej z \u0142\u0105czem do strony Biuletynu Informacji Publicznej Szpitala Kopernika w \u0141odzi\" class=\"wp-image-354\"\/><\/a><\/figure>\n\n\n\n<hr class=\"wp-block-separator has-text-color has-cyan-bluish-gray-color has-alpha-channel-opacity has-cyan-bluish-gray-background-color has-background is-style-wide\"\/>\n\n\n\n<p>O\u015brodek Wczesnej Rehabilitacji Kardiologicznej przy ul. Popio\u0142y 40 znajduje si\u0119 w po\u0142udniowej cz\u0119\u015bci miasta pomi\u0119dzy drogami w kierunku Pabianic i Piotrkowa Trybunalskiego w kompleksie le\u015bnym zwanym \u201eLasem Rudzkim\u201d, kt\u00f3ry jest fragmentem dawnej puszczy.<\/p>\n\n\n<div class=\"wp-block-image\">\n<figure class=\"aligncenter size-large is-resized\"><a href=\"https:\/\/www.youtube.com\/watch?v=W7tOEuweQqI\"><img loading=\"lazy\" decoding=\"async\" width=\"1024\" height=\"607\" src=\"https:\/\/rehabilitacjakardiologiczna.kopernik.lodz.pl\/wp-content\/uploads\/2024\/01\/popioly-youtube-1024x607.png\" alt=\"\" class=\"wp-image-463\" style=\"width:512px;height:304px\" srcset=\"https:\/\/rehabilitacjakardiologiczna.kopernik.lodz.pl\/wp-content\/uploads\/2024\/01\/popioly-youtube-1024x607.png 1024w, https:\/\/rehabilitacjakardiologiczna.kopernik.lodz.pl\/wp-content\/uploads\/2024\/01\/popioly-youtube-300x178.png 300w, https:\/\/rehabilitacjakardiologiczna.kopernik.lodz.pl\/wp-content\/uploads\/2024\/01\/popioly-youtube-768x455.png 768w, https:\/\/rehabilitacjakardiologiczna.kopernik.lodz.pl\/wp-content\/uploads\/2024\/01\/popioly-youtube.png 1112w\" sizes=\"auto, (max-width: 1024px) 100vw, 1024px\" \/><\/a><\/figure>\n<\/div>\n\n\n<p>W odleg\u0142o\u015bci 1 km od O\u015brodka w dolinie rzeki Ner zosta\u0142 utworzony zbiornik wodny zwany \u201eStawem Stefa\u0144skiego\u201d z k\u0105pieliskiem i O\u015brodkiem Sport\u00f3w Wodnych. Okolice O\u015brodka posiadaj\u0105 du\u017ce walory krajobrazowe, klimatyczne i rekreacyjne, w s\u0105siedztwie znajduj\u0105 si\u0119 zabytkowe wille fabrykanckie.<\/p>\n\n\n\n<hr class=\"wp-block-separator has-text-color has-cyan-bluish-gray-color has-alpha-channel-opacity has-cyan-bluish-gray-background-color has-background is-style-wide\"\/>\n\n\n\n<p>O\u015brodek zosta\u0142 uruchomiony w 1975 roku i jest najwi\u0119ksza plac\u00f3wk\u0105 w wojew\u00f3dztwie \u0142\u00f3dzkim, kt\u00f3ry prowadzi kompleksow\u0105 rehabilitacj\u0119 kardiologiczn\u0105. W o\u015brodku rehabilitowanych jest oko\u0142o 1000 pacjent\u00f3w rocznie.<\/p>\n\n\n\n<hr class=\"wp-block-separator has-text-color has-cyan-bluish-gray-color has-alpha-channel-opacity has-cyan-bluish-gray-background-color has-background is-style-wide\"\/>\n\n\n\n<p>Obecnie O\u015brodek dysponuje 50-\u0142\u00f3\u017ckowym oddzia\u0142em przystosowanym do prowadzenia rehabilitacji w warunkach stacjonarnych oraz posiada oddzia\u0142 rehabilitacji dziennej. Ponadto w O\u015brodku jest realizowana kardiologiczna rehabilitacja hybrydowa- telerehabilitacja.<\/p>\n\n\n\n<hr class=\"wp-block-separator has-text-color has-cyan-bluish-gray-color has-alpha-channel-opacity has-cyan-bluish-gray-background-color has-background is-style-wide\"\/>\n\n\n\n<p>Pacjenci przebywaj\u0105cy w O\u015brodku maj\u0105 do dyspozycji \u015bwietlic\u0119 z dost\u0119pem do Wi-Fi, bibliotek\u0119, jadalni\u0119, bufet i miejsce do wypoczynku. Sale chorych 2 i 3 osobowe wyposa\u017cone s\u0105 w czajnik elektryczny i niepe\u0142ny w\u0119ze\u0142 sanitarny. Cz\u0119\u015b\u0107 O\u015brodka jest po generalnym remoncie.<\/p>\n\n\n\n<hr class=\"wp-block-separator has-text-color has-cyan-bluish-gray-color has-alpha-channel-opacity has-cyan-bluish-gray-background-color has-background is-style-wide\"\/>\n\n\n\n<p>O\u015brodek posiada nowoczesny sprz\u0119t do rehabilitacji, sal\u0119 do trening\u00f3w na ergometrach rowerowych, sal\u0119 do kinezyterapii indywidualnej, pracownie fizykoterapii, dwie sale gimnastyczne z pe\u0142nym wyposa\u017ceniem do trening\u00f3w oporowych.<\/p>\n\n\n\n<hr class=\"wp-block-separator has-text-color has-cyan-bluish-gray-color has-alpha-channel-opacity has-cyan-bluish-gray-background-color has-background is-style-wide\"\/>\n\n\n\n<p>Na terenie obiektu w ka\u017cd\u0105 sobot\u0119 odprawiana jest Msza \u015awi\u0119ta.<\/p>\n\n\n\n<p>W parku znajduje si\u0119 \u015bcie\u017cka rehabilitacyjna i trasy spacerowe.<\/p>\n\n\n\n<hr class=\"wp-block-separator has-text-color has-cyan-bluish-gray-color has-alpha-channel-opacity has-cyan-bluish-gray-background-color has-background is-style-wide\"\/>\n\n\n\n<p>Pobyt w naszym oddziale jest kontynuacj\u0105 przebytego leczenia szpitalnego w oddziale kardiologicznym lub po zabiegach kardiochirurgicznych. Naszym zadaniem jest ocena aktualnego stanu zdrowia, wykonanie bada\u0144 diagnostycznych oraz ustalenie indywidualnego programu trening\u00f3w kardiologicznych.<\/p>\n","protected":false},"excerpt":{"rendered":"<p>O\u015brodek Wczesnej Rehabilitacji Kardiologicznej przy ul. Popio\u0142y 40 znajduje si\u0119 w po\u0142udniowej cz\u0119\u015bci miasta pomi\u0119dzy drogami w kierunku Pabianic i Piotrkowa Trybunalskiego w kompleksie le\u015bnym zwanym \u201eLasem Rudzkim\u201d, kt\u00f3ry jest fragmentem dawnej puszczy. W odleg\u0142o\u015bci 1 km od O\u015brodka w dolinie rzeki Ner zosta\u0142 utworzony zbiornik wodny zwany \u201eStawem Stefa\u0144skiego\u201d z k\u0105pieliskiem i O\u015brodkiem Sport\u00f3w [&hellip;]<\/p>\n","protected":false},"author":1,"featured_media":0,"parent":0,"menu_order":0,"comment_status":"closed","ping_status":"closed","template":"","meta":{"_acf_changed":false,"footnotes":""},"class_list":["post-56","page","type-page","status-publish","hentry"],"acf":[],"_links":{"self":[{"href":"https:\/\/rehabilitacjakardiologiczna.kopernik.lodz.pl\/index.php?rest_route=\/wp\/v2\/pages\/56","targetHints":{"allow":["GET"]}}],"collection":[{"href":"https:\/\/rehabilitacjakardiologiczna.kopernik.lodz.pl\/index.php?rest_route=\/wp\/v2\/pages"}],"about":[{"href":"https:\/\/rehabilitacjakardiologiczna.kopernik.lodz.pl\/index.php?rest_route=\/wp\/v2\/types\/page"}],"author":[{"embeddable":true,"href":"https:\/\/rehabilitacjakardiologiczna.kopernik.lodz.pl\/index.php?rest_route=\/wp\/v2\/users\/1"}],"replies":[{"embeddable":true,"href":"https:\/\/rehabilitacjakardiologiczna.kopernik.lodz.pl\/index.php?rest_route=%2Fwp%2Fv2%2Fcomments&post=56"}],"version-history":[{"count":33,"href":"https:\/\/rehabilitacjakardiologiczna.kopernik.lodz.pl\/index.php?rest_route=\/wp\/v2\/pages\/56\/revisions"}],"predecessor-version":[{"id":525,"href":"https:\/\/rehabilitacjakardiologiczna.kopernik.lodz.pl\/index.php?rest_route=\/wp\/v2\/pages\/56\/revisions\/525"}],"wp:attachment":[{"href":"https:\/\/rehabilitacjakardiologiczna.kopernik.lodz.pl\/index.php?rest_route=%2Fwp%2Fv2%2Fmedia&parent=56"}],"curies":[{"name":"wp","href":"https:\/\/api.w.org\/{rel}","templated":true}]}}