{"id":533,"date":"2025-03-18T12:44:01","date_gmt":"2025-03-18T11:44:01","guid":{"rendered":"https:\/\/rehabilitacjakardiologiczna.kopernik.lodz.pl\/?page_id=533"},"modified":"2026-03-30T08:26:01","modified_gmt":"2026-03-30T06:26:01","slug":"raport-o-dostepnosci","status":"publish","type":"page","link":"https:\/\/rehabilitacjakardiologiczna.kopernik.lodz.pl\/?page_id=533","title":{"rendered":"Dost\u0119pno\u015b\u0107 &#8211; raport i deklaracja"},"content":{"rendered":"\n<div style=\"height:40px\" aria-hidden=\"true\" class=\"wp-block-spacer\"><\/div>\n\n\n\n<hr class=\"wp-block-separator has-alpha-channel-opacity\"\/>\n\n\n\n<h3 class=\"wp-block-heading has-text-align-left\">Deklaracja dost\u0119pno\u015bci<\/h3>\n\n\n\n<p>Wojew\u00f3dzkie Wielospecjalistyczne Centrum Onkologii i Traumatologii im. M.&nbsp;Kopernika w&nbsp;\u0141odzi zobowi\u0105zuje si\u0119 zapewni\u0107 dost\u0119pno\u015b\u0107 swojej strony internetowej zgodnie z&nbsp;przepisami ustawy z dnia 4&nbsp;kwietnia 2019&nbsp;r. o&nbsp;dost\u0119pno\u015bci cyfrowej stron internetowych i&nbsp;aplikacji mobilnych podmiot\u00f3w publicznych.<\/p>\n\n\n\n<p>Deklaracja dost\u0119pno\u015bci dotyczy strony internetowej:&nbsp;<\/p>\n\n\n\n<p><a href=\"http:\/\/rehabilitacjakardiologiczna.kopernik.lodz.pl\/\">rehabilitacjakardiologiczna.kopernik.lodz.pl<\/a><\/p>\n\n\n\n<ul class=\"wp-block-list\">\n<li>Data publikacji strony internetowej: 17 kwietnia 2019 r. <\/li>\n\n\n\n<li>Data ostatniej istotnej aktualizacji: 18 marca 2026 r.<\/li>\n<\/ul>\n\n\n\n<p><strong>Stan dost\u0119pno\u015bci cyfrowej<\/strong><\/p>\n\n\n\n<p>Strona internetowa jest niezgodna z za\u0142\u0105cznikiem do ustawy z dnia 4&nbsp;kwietnia 2019 r. o dost\u0119pno\u015bci cyfrowej stron internetowych i aplikacji mobilnych podmiot\u00f3w publicznych z powodu niezgodno\u015bci lub wy\u0142\u0105cze\u0144 wymienionych poni\u017cej.<strong><\/strong><\/p>\n\n\n\n<p><strong>Niedost\u0119pne tre\u015bci<\/strong><\/p>\n\n\n\n<p><strong>Niezgodno\u015b\u0107 z za\u0142\u0105cznikiem:<\/strong><\/p>\n\n\n\n<ul class=\"wp-block-list\">\n<li>strona nie posiada formularza kontaktowego<\/li>\n\n\n\n<li>brak mo\u017cliwo\u015bci wyszukiwania tre\u015bci<\/li>\n\n\n\n<li>brak mo\u017cliwo\u015bci zmiany kontrastu<\/li>\n\n\n\n<li>brak opcji zmiany rozmiaru czcionki<\/li>\n<\/ul>\n\n\n\n<ul class=\"wp-block-list\">\n<li>cz\u0119\u015b\u0107 stron nie posiada unikalnego paska tytu\u0142u oraz opis\u00f3w linku<\/li>\n\n\n\n<li>zamieszczone multimedia nie posiadaj\u0105 tekstu alternatywnego<\/li>\n\n\n\n<li>nie wszystkie elementy aktywne w serwisie s\u0105 dost\u0119pne za pomoc\u0105 klawiatury<\/li>\n\n\n\n<li>linki do dokument\u00f3w do pobrania nie maj\u0105 informacji o jego formacie, rozmiarze i j\u0119zyku<\/li>\n\n\n\n<li>w materia\u0142ach filmowych nie ma napis\u00f3w dla os\u00f3b nies\u0142ysz\u0105cych i G\u0142uchych<\/li>\n\n\n\n<li>materia\u0142y wideo nie s\u0105 t\u0142umaczone na j\u0119zyk migowy.<\/li>\n<\/ul>\n\n\n\n<p><strong>Tre\u015bci nieobj\u0119te przepisami<\/strong><\/p>\n\n\n\n<ul class=\"wp-block-list\">\n<li>multimedia opublikowane przed 23 wrze\u015bnia 2020 r.<\/li>\n\n\n\n<li>archiwalne dokumenty tekstowe i tekstowo-graficzne, dokumenty utworzone w\u00a0programach przeznaczonych do tworzenia prezentacji lub arkuszy kalkulacyjnych, opublikowane przed dniem 23 wrze\u015bnia 2018 r. mapy tre\u015bci niewykorzystywane do\u00a0realizacji bie\u017c\u0105cych zada\u0144.<\/li>\n<\/ul>\n\n\n\n<p><strong>Przygotowanie deklaracji dost\u0119pno\u015bci<\/strong><\/p>\n\n\n\n<ul class=\"wp-block-list\">\n<li>Data sporz\u0105dzenia deklaracji: 25 wrze\u015bnia 2020 r.<\/li>\n\n\n\n<li>Data ostatniego przegl\u0105du deklaracji i jej aktualizacji: 27 marca 2026 r.<\/li>\n<\/ul>\n\n\n\n<p>Deklaracj\u0119 sporz\u0105dzono na podstawie samooceny przeprowadzonej przez podmiot publiczny.<\/p>\n\n\n\n<p><strong>Skr\u00f3ty klawiszowe<\/strong><\/p>\n\n\n\n<p>U\u017cywane s\u0105 standardowe skr\u00f3ty klawiszowe.<\/p>\n\n\n\n<p><strong>Informacje zwrotne i dane kontaktowe<\/strong><\/p>\n\n\n\n<p>Wszystkie problemy z dost\u0119pno\u015bci\u0105 cyfrow\u0105 tej strony internetowej mo\u017cesz zg\u0142osi\u0107 do Piotra Sobczaka &#8211; mailowo <a href=\"mailto:promocja@kopernik.lodz.pl\">promocja@kopernik.lodz.pl<\/a> lub telefonicznie 42 689 57 57.<\/p>\n\n\n\n<p>Ka\u017cdy ma prawo do wyst\u0105pienia z \u017c\u0105daniem zapewnienia dost\u0119pno\u015bci cyfrowej strony internetowej lub jej element\u00f3w.<\/p>\n\n\n\n<p>Zg\u0142aszaj\u0105c takie \u017c\u0105danie podaj:<\/p>\n\n\n\n<ul class=\"wp-block-list\">\n<li>swoje imi\u0119 i nazwisko,<\/li>\n\n\n\n<li>swoje dane kontaktowe (np. numer telefonu, e-mail),<\/li>\n\n\n\n<li>dok\u0142adny adres strony internetowej, na kt\u00f3rej jest niedost\u0119pny cyfrowo element lub tre\u015b\u0107,<\/li>\n\n\n\n<li>opis na czym polega problem i jaki spos\u00f3b jego rozwi\u0105zania by\u0142by dla Ciebie najwygodniejszy.<\/li>\n<\/ul>\n\n\n\n<p>Na Twoje zg\u0142oszenie odpowiemy jak najszybciej jak to mo\u017cliwe, nie p\u00f3\u017aniej ni\u017c w&nbsp;ci\u0105gu 7 dni od jego otrzymania.<\/p>\n\n\n\n<p>Je\u017celi ten termin b\u0119dzie dla nas zbyt kr\u00f3tki poinformujemy Ci\u0119 o tym. W tej informacji podamy nowy termin, do kt\u00f3rego poprawimy zg\u0142oszone przez Ciebie b\u0142\u0119dy lub przygotujemy informacj\u0119 w alternatywny spos\u00f3b. Ten nowy termin nie b\u0119dzie d\u0142u\u017cszy ni\u017c 2 miesi\u0105ce.<\/p>\n\n\n\n<p>Je\u017celi nie b\u0119dziemy w stanie zapewni\u0107 dost\u0119pno\u015bci cyfrowej strony internetowej lub tre\u015bci, wskazanej w Twoim \u017c\u0105daniu, zaproponujemy Ci dost\u0119p do nich w&nbsp;alternatywny spos\u00f3b.<\/p>\n\n\n\n<p><strong>Obs\u0142uga wniosk\u00f3w i skarg zwi\u0105zanych z dost\u0119pno\u015bci\u0105<\/strong><\/p>\n\n\n\n<p>Je\u017celi w odpowiedzi na Tw\u00f3j wniosek o zapewnienie dost\u0119pno\u015bci cyfrowej, odm\u00f3wimy zapewnienia \u017c\u0105danej przez Ciebie dost\u0119pno\u015bci cyfrowej, a Ty nie zgadzasz si\u0119 z t\u0105 odmow\u0105, masz prawo z\u0142o\u017cy\u0107 skarg\u0119.<\/p>\n\n\n\n<p>Skarg\u0119 masz prawo z\u0142o\u017cy\u0107 tak\u017ce, je\u015bli nie zgadzasz si\u0119 na skorzystanie z&nbsp;alternatywnego sposobu dost\u0119pu, kt\u00f3ry zaproponowali\u015bmy Ci w odpowiedzi na Tw\u00f3j wniosek o zapewnienie dost\u0119pno\u015bci cyfrowej.<\/p>\n\n\n\n<p>Ewentualn\u0105 skarg\u0119 z\u0142\u00f3\u017c listownie lub mailem do kierownictwa naszego Szpitala:<\/p>\n\n\n\n<ul class=\"wp-block-list\">\n<li>Organ Nadzoruj\u0105cy: Dyrektor \u201eCentrum\u201d im. M. Kopernika w \u0141odzi<\/li>\n\n\n\n<li>adres: ul. Pabianicka 62, 93-513 \u0141\u00f3d\u017a<\/li>\n\n\n\n<li>e-mail: <a href=\"mailto:szpital@kopernik.lodz.pl\">szpital@kopernik.lodz.pl<\/a><\/li>\n<\/ul>\n\n\n\n<p><a href=\"https:\/\/www.gov.pl\/web\/gov\/zloz-wniosek-o-zapewnienie-dostepnosci-cyfrowej-strony-internetowej-lub-aplikacji-mobilnej\">Pomocne mog\u0105 by\u0107 informacje, kt\u00f3re mo\u017cna znale\u017a\u0107 na rz\u0105dowym portalu gov.pl<\/a>.<\/p>\n\n\n\n<p>Mo\u017cesz tak\u017ce poinformowa\u0107 o tej sytuacji &nbsp;<a href=\"https:\/\/bip.brpo.gov.pl\/\">Rzecznika Praw Obywatelskich<\/a><\/p>\n\n\n\n<p><strong>Pozosta\u0142e informacje<\/strong><\/p>\n\n\n\n<p><strong>Stan dost\u0119pno\u015bci architektonicznej O\u015brodka Wczesnej Rehabilitacji Kardiologicznej<\/strong><\/p>\n\n\n\n<p><strong>Dost\u0119pno\u015b\u0107 architektoniczna<\/strong><\/p>\n\n\n\n<p><strong>O\u015brodek Wczesnej Rehabilitacji Kardiologicznej &#8211; ul. Popio\u0142y 40 w \u0141odzi<\/strong><br>Budynek O\u015brodka sk\u0142ada si\u0119 z trzech po\u0142\u0105czonych ze sob\u0105 pawilon\u00f3w (A, B i C), do kt\u00f3rych prowadz\u0105 czterywej\u015bcia z poziomu \u201e0\u201d oraz dodatkowo kolejne dwa z&nbsp;poziomu tarasu (<em>otwartego<\/em> <em>sezonowo)<\/em> na pierwszym pi\u0119trze, na kt\u00f3ry mo\u017cna dosta\u0107 si\u0119 wyremontowanymi schodami wzd\u0142u\u017c, kt\u00f3rych zamontowane s\u0105 por\u0119cze<em>.<\/em> Skrajne stopnie ka\u017cdego biegu schod\u00f3w zewn\u0119trznych zosta\u0142y kontrastowo oznaczone antypo\u015blizgowymi listwami.<\/p>\n\n\n\n<p><strong>Wej\u015bcie <\/strong><strong>G\u0142\u00f3wne \u2013 cz\u0119\u015b\u0107 rehabilitacyjna<\/strong><\/p>\n\n\n\n<p>Do wej\u015bcia prowadzi chodnik z kostki brukowej. W wej\u015bciu nie zosta\u0142y zamontowane drzwi otwierane automatycznie. Zastosowano standardowe dwuskrzyd\u0142owe drzwi, z\u00a0pochwytem w kszta\u0142cie litery \u201eC\u201d. Przeszklone drzwi wej\u015bciowe oznaczone s\u0105 dwoma pasami o\u00a0szeroko\u015bci 10 cm, umieszczonymi na dw\u00f3ch wysoko\u015bciach. Nad wej\u015bciem znajduje si\u0119 zadaszenie. Przeszkod\u0119 mo\u017ce stanowi\u0107 pr\u00f3g <em>(integralna cz\u0119\u015b\u0107 drzwi) <\/em>o wysoko\u015bci ok. 4 cm. Do budynku <em>(cz\u0119\u015bci rehabilitacyjnej)<\/em> mo\u017cna r\u00f3wnie\u017c dosta\u0107 si\u0119 drugim wej\u015bciem <em>(na prawo od wej\u015bcia nr 1)<\/em>. Do drugiego wej\u015bcia prowadzi chodnik <em>(cz\u0119\u015bciowo z kostki brukowej i p\u0142yt chodnikowych), <\/em>na pocz\u0105tku kt\u00f3rego &#8211; <em>od strony asfaltu<\/em> &#8211; przeszkod\u0119 mo\u017ce stanowi\u0107 kraw\u0119\u017cnik. W wej\u015bciu tym nie zosta\u0142y zamontowane drzwi otwierane automatycznie. Zastosowano standardowe dwuskrzyd\u0142owe drzwi, z pochwytem w\u00a0kszta\u0142cie litery \u201e<em>C<\/em>\u201d. Przeszklone drzwi wej\u015bciowe oznaczone s\u0105 dwoma pasami o\u00a0szeroko\u015bci 10 cm, umieszczonymi na dw\u00f3ch wysoko\u015bciach. Przeszkod\u0119 mo\u017ce stanowi\u0107 kilkucentymetrowy pr\u00f3g <em>(integralna cz\u0119\u015b\u0107 drzwi).<\/em><\/p>\n\n\n\n<p><strong>Wej\u015bcie boczne do cz\u0119\u015bci A i B budynku<\/strong><\/p>\n\n\n\n<p>Do wej\u015bcia prowadzi chodnik z kostki brukowej<em>.<\/em> W wej\u015bciu nie zosta\u0142y zamontowane drzwi otwierane automatycznie. Zastosowano standardowe dwuskrzyd\u0142owe drzwi, z\u00a0pochwytem w postaci zwyk\u0142ej klamki. Przeszklone drzwi wej\u015bciowe oznaczone s\u0105 dwoma pasami o szeroko\u015bci 10 cm, umieszczonymi na dw\u00f3ch wysoko\u015bciach. Przeszkod\u0119 mo\u017ce stanowi\u0107 pr\u00f3g <em>(integralna cz\u0119\u015b\u0107 drzwi) <\/em>o wysoko\u015bci ok. 2 cm.<\/p>\n\n\n\n<p><strong>Wej\u015bcie <\/strong><strong>boczne do cz\u0119\u015bci C<\/strong><\/p>\n\n\n\n<p>Do wej\u015bcia prowadz\u0105 schody<em>(dwa stopnie, kt\u00f3re nie s\u0105 oznaczone kontrastowo). <\/em>Nie zastosowano pochylni ani podno\u015bnika. Dodatkowo przeszkod\u0119 mo\u017ce stanowi\u0107 wysoki kraw\u0119\u017cnik prowadz\u0105cy do schod\u00f3w od strony asfaltu. W wej\u015bciu nie zosta\u0142y zamontowane drzwi otwierane automatycznie, zastosowano standardowe dwuskrzyd\u0142owe drzwi.<\/p>\n\n\n\n<p>Komunikacja w budynku dost\u0119pna jest korytarzami i schodami, kt\u00f3rych skrajne stopnie oznaczone s\u0105 kontrastowo. Dodatkowo z parteru pawilonu \u201eA\u201d na I pi\u0119tro pawilonu \u201eB\u201d i z powrotem mo\u017cliwa jest komunikacja pionowa d\u017awigiem osobowym, cz\u0119\u015bciowo dostosowanym do potrzeb os\u00f3b z niepe\u0142nosprawno\u015bciami (kabina o&nbsp;nieprzepisowych wymiarach, brak wypuk\u0142ych przycisk\u00f3w i oznacze\u0144 Braille\u2019a).<\/p>\n\n\n\n<p>W budynku na parterze znajduje si\u0119 pi\u0119\u0107 toalet<strong>, <\/strong>w tym jedna \u0142azienka <em>(z toalet\u0105)<\/em> dostosowana do potrzeb os\u00f3b z niepe\u0142nosprawno\u015bciami. Dodatkowo, w cz\u0119\u015bci \u201e<em>A<\/em>\u201d budynku, w wi\u0119kszo\u015bci pokoi znajduj\u0105 si\u0119 \u0142azienki. Natomiast w wyremontowanej cz\u0119\u015bci \u201eB\u201d budynku na I pi\u0119trze wszystkie \u0142azienki s\u0105 dostosowane dla os\u00f3b ze szczeg\u00f3lnymi potrzebami (zar\u00f3wno w salach pacjent\u00f3w, jak i&nbsp;og\u00f3lnodost\u0119pnej w&nbsp;korytarzu).<strong><\/strong><\/p>\n\n\n\n<p>Budynek wyposa\u017cony jest w automatyczny defibrylator zewn\u0119trzny (AED). Urz\u0105dzenie znajduje si\u0119 na parterze w budynku.<\/p>\n\n\n\n<p>Na terenie obiektu nie ma wyznaczonych miejsc parkingowych dostosowanych do potrzeb os\u00f3b z niepe\u0142nosprawno\u015bciami.<\/p>\n\n\n\n<p><strong>Informacja o prawie wst\u0119pu z psem asystuj\u0105cym<\/strong><\/p>\n\n\n\n<p>Zgodnie z art. 20a ust.1-6 Ustawy z dnia 27 sierpnia 1997 r. o rehabilitacji zawodowej i spo\u0142ecznej oraz&nbsp;zatrudnianiu os\u00f3b niepe\u0142nosprawnych osoba z&nbsp;niepe\u0142nosprawno\u015bciami wraz z&nbsp;psem asystuj\u0105cym ma prawo wst\u0119pu do obiekt\u00f3w u\u017cyteczno\u015bci publicznej m.in. do budynk\u00f3w opieki zdrowotnej. Osoby z&nbsp;niepe\u0142nosprawno\u015bciami korzystaj\u0105ce z psa asystuj\u0105cego maj\u0105 prawo wst\u0119pu na teren i do budynk\u00f3w Wojew\u00f3dzkiego Wielospecjalistycznego Centrum Onkologii i&nbsp;Traumatologii im. M. Kopernika w \u0141odzi. Uprawnienie to reguluje opracowanie wewn\u0119trzne Centrum pn.: \u201e<em>Procedura wej\u015bcia na teren Szpitala im. M. Kopernika w&nbsp;\u0141odzi osoby ze szczeg\u00f3lnymi potrzebami z psem asystuj\u0105cym<\/em>\u201d. Odpowiednie oznaczenie (piktogram) informuj\u0105cy \u201ePies przewodnik, pies asystuj\u0105cy mile widziane\u201d znajduje si\u0119 na drzwiach dy\u017curki wjazdowej O\u015brodka. Warunkiem wej\u015bcia na teren O\u015brodka z psem asystuj\u0105cym jest posiadanie przez osob\u0119 z&nbsp;niepe\u0142nosprawno\u015bciami certyfikatu potwierdzaj\u0105cego status psa asystuj\u0105cego i&nbsp;za\u015bwiadczenia o wykonaniu wymaganych szczepie\u0144 weterynaryjnych. Pies asystuj\u0105cy musi by\u0107 wyposa\u017cony w&nbsp;specjaln\u0105 uprz\u0105\u017c z&nbsp;umieszczonym napisem \u201epies asystuj\u0105cy\u201d. Mo\u017cliwo\u015b\u0107 wej\u015bcia na teren kompleksu O\u015brodka z psem asystuj\u0105cym nie zwalnia osoby z&nbsp;niepe\u0142nosprawno\u015bciami z&nbsp;odpowiedzialno\u015bci za&nbsp; ewentualne szkody wyrz\u0105dzone przez psa asystuj\u0105cego. Osoba z niepe\u0142nosprawno\u015bciami nie jest zobowi\u0105zana do zak\u0142adania psu asystuj\u0105cemu kaga\u0144ca oraz&nbsp;prowadzenia go na smyczy.<\/p>\n\n\n\n<p><strong>Stan dost\u0119pno\u015bci komunikacyjno-informacyjnej O\u015brodka Wczesnej Rehabilitacji Kardiologicznej<\/strong><\/p>\n\n\n\n<p><strong>Dost\u0119pno\u015b\u0107 komunikacyjno-informacyjna<\/strong><\/p>\n\n\n\n<p>Na terenie O\u015brodka osoby ze szczeg\u00f3lnymi potrzebami maj\u0105 mo\u017cliwo\u015b\u0107 skorzystania z tabletu z wbudowan\u0105 aplikacj\u0105 t\u0142umacza j\u0119zyka migowego on-line, kt\u00f3ry znajduje si\u0119 w sekretariacie na parterze.<\/p>\n\n\n\n<p>W budynku O\u015brodka nie ma p\u0119tli indukcyjnych.<\/p>\n","protected":false},"excerpt":{"rendered":"<p>Deklaracja dost\u0119pno\u015bci Wojew\u00f3dzkie Wielospecjalistyczne Centrum Onkologii i Traumatologii im. M.&nbsp;Kopernika w&nbsp;\u0141odzi zobowi\u0105zuje si\u0119 zapewni\u0107 dost\u0119pno\u015b\u0107 swojej strony internetowej zgodnie z&nbsp;przepisami ustawy z dnia 4&nbsp;kwietnia 2019&nbsp;r. o&nbsp;dost\u0119pno\u015bci cyfrowej stron internetowych i&nbsp;aplikacji mobilnych podmiot\u00f3w publicznych. Deklaracja dost\u0119pno\u015bci dotyczy strony internetowej:&nbsp; rehabilitacjakardiologiczna.kopernik.lodz.pl Stan dost\u0119pno\u015bci cyfrowej Strona internetowa jest niezgodna z za\u0142\u0105cznikiem do ustawy z dnia 4&nbsp;kwietnia 2019 r. [&hellip;]<\/p>\n","protected":false},"author":4,"featured_media":0,"parent":0,"menu_order":0,"comment_status":"closed","ping_status":"closed","template":"","meta":{"_acf_changed":false,"footnotes":""},"class_list":["post-533","page","type-page","status-publish","hentry"],"acf":[],"_links":{"self":[{"href":"https:\/\/rehabilitacjakardiologiczna.kopernik.lodz.pl\/index.php?rest_route=\/wp\/v2\/pages\/533","targetHints":{"allow":["GET"]}}],"collection":[{"href":"https:\/\/rehabilitacjakardiologiczna.kopernik.lodz.pl\/index.php?rest_route=\/wp\/v2\/pages"}],"about":[{"href":"https:\/\/rehabilitacjakardiologiczna.kopernik.lodz.pl\/index.php?rest_route=\/wp\/v2\/types\/page"}],"author":[{"embeddable":true,"href":"https:\/\/rehabilitacjakardiologiczna.kopernik.lodz.pl\/index.php?rest_route=\/wp\/v2\/users\/4"}],"replies":[{"embeddable":true,"href":"https:\/\/rehabilitacjakardiologiczna.kopernik.lodz.pl\/index.php?rest_route=%2Fwp%2Fv2%2Fcomments&post=533"}],"version-history":[{"count":16,"href":"https:\/\/rehabilitacjakardiologiczna.kopernik.lodz.pl\/index.php?rest_route=\/wp\/v2\/pages\/533\/revisions"}],"predecessor-version":[{"id":638,"href":"https:\/\/rehabilitacjakardiologiczna.kopernik.lodz.pl\/index.php?rest_route=\/wp\/v2\/pages\/533\/revisions\/638"}],"wp:attachment":[{"href":"https:\/\/rehabilitacjakardiologiczna.kopernik.lodz.pl\/index.php?rest_route=%2Fwp%2Fv2%2Fmedia&parent=533"}],"curies":[{"name":"wp","href":"https:\/\/api.w.org\/{rel}","templated":true}]}}