{"id":515,"date":"2024-07-05T09:16:52","date_gmt":"2024-07-05T07:16:52","guid":{"rendered":"https:\/\/rehabilitacjakardiologiczna.kopernik.lodz.pl\/?page_id=515"},"modified":"2026-04-15T11:59:37","modified_gmt":"2026-04-15T09:59:37","slug":"informacje-dla-pacjenta","status":"publish","type":"page","link":"https:\/\/rehabilitacjakardiologiczna.kopernik.lodz.pl\/?page_id=515","title":{"rendered":"Informacje dla Pacjenta"},"content":{"rendered":"\n<div style=\"height:50px\" aria-hidden=\"true\" class=\"wp-block-spacer\"><\/div>\n\n\n\n<p><strong>Kontakt z O\u015brodkiem:<\/strong><\/p>\n\n\n\n<ul class=\"wp-block-list\">\n<li>sekretariat \u2013 tel. 42&nbsp;689 50 61<\/li>\n\n\n\n<li>pok\u00f3j lekarski \u2013 tel. 42&nbsp;689 50 63<\/li>\n<\/ul>\n\n\n\n<h3 class=\"wp-block-heading has-text-align-center has-pale-cyan-blue-background-color has-background\">Weryfikacja danych osobowych Pacjenta odbywa si\u0119 wy\u0142\u0105cznie na podstawie wa\u017cnego dokumentu potwierdzaj\u0105cego to\u017csamo\u015b\u0107.<\/h3>\n\n\n\n<p><strong>Na wst\u0119pie rozmowy z pracownikiem O\u015brodka nale\u017cy poda\u0107 nast\u0119puj\u0105ce dane:<\/strong><\/p>\n\n\n\n<ul class=\"wp-block-list\">\n<li>imi\u0119 i nazwisko pacjenta<\/li>\n\n\n\n<li>nr PESEL<\/li>\n\n\n\n<li>telefon kontaktowy<\/li>\n\n\n\n<li>kod dost\u0119pu do e-skierowania<\/li>\n<\/ul>\n\n\n\n<p><strong>Rzeczy niezb\u0119dne, kt\u00f3re Pacjent powinien mie\u0107 podczas pobytu w O\u015brodku:<\/strong><\/p>\n\n\n\n<ul class=\"wp-block-list\">\n<li>dokumentacja medyczna<\/li>\n\n\n\n<li>wszystkie leki specjalistyczne w oryginalnych opakowaniach (kt\u00f3re za\u017cywa pacjent)<\/li>\n\n\n\n<li>obuwie sportowe<\/li>\n\n\n\n<li>odzie\u017c sportowa typu: dres, bluza, koszulka (t-shirt), kurtka<\/li>\n\n\n\n<li>wygodna odzie\u017c codzienna<\/li>\n\n\n\n<li>r\u0119cznik<\/li>\n\n\n\n<li>klapki pod prysznic<\/li>\n\n\n\n<li>przybory higieniczne<\/li>\n\n\n\n<li>kubek, talerzyk, sztu\u0107ce<\/li>\n\n\n\n<li>woda mineralna<\/li>\n<\/ul>\n\n\n\n<p class=\"has-pale-cyan-blue-background-color has-background\"><strong>PRAWA I OBOWI\u0104ZKI PACJENTA&nbsp;\u2013 pe\u0142ny wykaz praw i obowi\u0105zk\u00f3w Pacjenta w systemie ochrony zdrowia.<\/strong><\/p>\n\n\n\n<ul class=\"wp-block-list\">\n<li><a href=\"https:\/\/www.kopernik.lodz.pl\/wp-content\/uploads\/2025\/03\/KARTA-PRAW-PACJENTA_2025.pdf\">KARTA PRAW PACJENTA \u2013 plik do pobrania<\/a><\/li>\n\n\n\n<li><a href=\"https:\/\/www.kopernik.lodz.pl\/wp-content\/uploads\/2025\/03\/KARTA-PRAW-DZIECKA_2025.pdf\">PRAWA DZIECKA \u2013 plik do pobrania<\/a><\/li>\n<\/ul>\n","protected":false},"excerpt":{"rendered":"<p>Kontakt z O\u015brodkiem: Weryfikacja danych osobowych Pacjenta odbywa si\u0119 wy\u0142\u0105cznie na podstawie wa\u017cnego dokumentu potwierdzaj\u0105cego to\u017csamo\u015b\u0107. Na wst\u0119pie rozmowy z pracownikiem O\u015brodka nale\u017cy poda\u0107 nast\u0119puj\u0105ce dane: Rzeczy niezb\u0119dne, kt\u00f3re Pacjent powinien mie\u0107 podczas pobytu w O\u015brodku: PRAWA I OBOWI\u0104ZKI PACJENTA&nbsp;\u2013 pe\u0142ny wykaz praw i obowi\u0105zk\u00f3w Pacjenta w systemie ochrony zdrowia.<\/p>\n","protected":false},"author":2,"featured_media":518,"parent":0,"menu_order":0,"comment_status":"closed","ping_status":"closed","template":"","meta":{"_acf_changed":false,"footnotes":""},"class_list":["post-515","page","type-page","status-publish","has-post-thumbnail","hentry"],"acf":[],"_links":{"self":[{"href":"https:\/\/rehabilitacjakardiologiczna.kopernik.lodz.pl\/index.php?rest_route=\/wp\/v2\/pages\/515","targetHints":{"allow":["GET"]}}],"collection":[{"href":"https:\/\/rehabilitacjakardiologiczna.kopernik.lodz.pl\/index.php?rest_route=\/wp\/v2\/pages"}],"about":[{"href":"https:\/\/rehabilitacjakardiologiczna.kopernik.lodz.pl\/index.php?rest_route=\/wp\/v2\/types\/page"}],"author":[{"embeddable":true,"href":"https:\/\/rehabilitacjakardiologiczna.kopernik.lodz.pl\/index.php?rest_route=\/wp\/v2\/users\/2"}],"replies":[{"embeddable":true,"href":"https:\/\/rehabilitacjakardiologiczna.kopernik.lodz.pl\/index.php?rest_route=%2Fwp%2Fv2%2Fcomments&post=515"}],"version-history":[{"count":4,"href":"https:\/\/rehabilitacjakardiologiczna.kopernik.lodz.pl\/index.php?rest_route=\/wp\/v2\/pages\/515\/revisions"}],"predecessor-version":[{"id":641,"href":"https:\/\/rehabilitacjakardiologiczna.kopernik.lodz.pl\/index.php?rest_route=\/wp\/v2\/pages\/515\/revisions\/641"}],"wp:featuredmedia":[{"embeddable":true,"href":"https:\/\/rehabilitacjakardiologiczna.kopernik.lodz.pl\/index.php?rest_route=\/wp\/v2\/media\/518"}],"wp:attachment":[{"href":"https:\/\/rehabilitacjakardiologiczna.kopernik.lodz.pl\/index.php?rest_route=%2Fwp%2Fv2%2Fmedia&parent=515"}],"curies":[{"name":"wp","href":"https:\/\/api.w.org\/{rel}","templated":true}]}}