{"id":122,"date":"2019-04-23T11:18:57","date_gmt":"2019-04-23T09:18:57","guid":{"rendered":"http:\/\/localhost\/owrk\/?page_id=122"},"modified":"2022-01-19T14:02:52","modified_gmt":"2022-01-19T13:02:52","slug":"opieka-psychokardiologiczna","status":"publish","type":"page","link":"https:\/\/rehabilitacjakardiologiczna.kopernik.lodz.pl\/?page_id=122","title":{"rendered":"Opieka psychokardiologiczna"},"content":{"rendered":"<p>W procesie leczenia i rehabilitacji schorze\u0144 kardiologicznych wiedza na temat czynnik\u00f3w psychospo\u0142ecznych, emocji oraz sylwetki psychicznej pacjenta ma\u00a0 istotne znaczenie dla oceny ryzyka kardiologicznego.<\/p>\n<p>Czynniki \u017cycia psychicznego, takie jak presja czasu, czynno\u015bci zautomatyzowane, przewlek\u0142y stres czy sk\u0142onno\u015bci patofizjologiczno-behawioralne istotnie wp\u0142ywaj\u0105 na naczynia wie\u0144cowe. Dlatego prewencja oparta na modyfikacji psychospo\u0142ecznych czynnik\u00f3w ryzyka poprzez identyfikacj\u0119 ich wyst\u0119powania i stosowanie poradnictwa, jest istotna na r\u00f3wni z kontrol\u0105 diety i aktywno\u015bci fizycznej.<\/p>\n<p><iframe loading=\"lazy\" src=\"https:\/\/www.youtube.com\/embed\/Ldk-rRzyQQk\" width=\"560\" height=\"315\" frameborder=\"0\" allowfullscreen=\"allowfullscreen\"><\/iframe><\/p>\n<p><strong>Oddzia\u0142ywania opieki psychokardiologicznej w O\u015brodku Wczesnej Rehabilitacji Stacjonarnej i Dziennej Rehabilitacji Kardiologicznej POPIO\u0141Y obejmuj\u0105:<\/strong><\/p>\n<ul>\n<li>psychoedukacj\u0119 i promocj\u0119 zdrowia w po\u0142\u0105czeniu z psychoprofilaktyk\u0105<\/li>\n<li>\u0142agodzenie psychologicznych nast\u0119pstw rozpoznawania i leczenia choroby kardiologicznej<\/li>\n<li>terapi\u0119 w zakresie redukcji mechanizm\u00f3w patofizjologiczno-behawioralnych<\/li>\n<li>wsparcie terapeutyczne w sytuacji zaburze\u0144 (m.in.: depresja, l\u0119k, OCD, zaburzenia zwi\u0105zane ze stresem)<\/li>\n<li>wsparcie w procesie adaptacyjnym<\/li>\n<\/ul>\n<p><strong>Oddzia\u0142ywania prowadzone s\u0105 w czterech formach:<\/strong><\/p>\n<ul>\n<li>spotkania psychoedukacyjne dla pacjent\u00f3w<\/li>\n<li>\u0107wiczenia terapeutyczne (mi\u0119dzy innymi trening funkcji\u00a0 neuropoznawczych i profilaktyka ot\u0119pie\u0144 naczyniowych powsta\u0142ych w wyniku ChNS)<\/li>\n<li>terapia behawioralno-relaksacyjna<\/li>\n<li>terapia indywidualna<\/li>\n<\/ul>\n","protected":false},"excerpt":{"rendered":"<p>W procesie leczenia i rehabilitacji schorze\u0144 kardiologicznych wiedza na temat czynnik\u00f3w psychospo\u0142ecznych, emocji oraz sylwetki psychicznej pacjenta ma\u00a0 istotne znaczenie dla oceny ryzyka kardiologicznego. Czynniki \u017cycia psychicznego, takie jak presja czasu, czynno\u015bci zautomatyzowane, przewlek\u0142y stres czy sk\u0142onno\u015bci patofizjologiczno-behawioralne istotnie wp\u0142ywaj\u0105 na naczynia wie\u0144cowe. Dlatego prewencja oparta na modyfikacji psychospo\u0142ecznych czynnik\u00f3w ryzyka poprzez identyfikacj\u0119 ich wyst\u0119powania [&hellip;]<\/p>\n","protected":false},"author":1,"featured_media":0,"parent":0,"menu_order":0,"comment_status":"closed","ping_status":"closed","template":"","meta":{"_acf_changed":false,"footnotes":""},"class_list":["post-122","page","type-page","status-publish","hentry"],"acf":[],"_links":{"self":[{"href":"https:\/\/rehabilitacjakardiologiczna.kopernik.lodz.pl\/index.php?rest_route=\/wp\/v2\/pages\/122","targetHints":{"allow":["GET"]}}],"collection":[{"href":"https:\/\/rehabilitacjakardiologiczna.kopernik.lodz.pl\/index.php?rest_route=\/wp\/v2\/pages"}],"about":[{"href":"https:\/\/rehabilitacjakardiologiczna.kopernik.lodz.pl\/index.php?rest_route=\/wp\/v2\/types\/page"}],"author":[{"embeddable":true,"href":"https:\/\/rehabilitacjakardiologiczna.kopernik.lodz.pl\/index.php?rest_route=\/wp\/v2\/users\/1"}],"replies":[{"embeddable":true,"href":"https:\/\/rehabilitacjakardiologiczna.kopernik.lodz.pl\/index.php?rest_route=%2Fwp%2Fv2%2Fcomments&post=122"}],"version-history":[{"count":6,"href":"https:\/\/rehabilitacjakardiologiczna.kopernik.lodz.pl\/index.php?rest_route=\/wp\/v2\/pages\/122\/revisions"}],"predecessor-version":[{"id":418,"href":"https:\/\/rehabilitacjakardiologiczna.kopernik.lodz.pl\/index.php?rest_route=\/wp\/v2\/pages\/122\/revisions\/418"}],"wp:attachment":[{"href":"https:\/\/rehabilitacjakardiologiczna.kopernik.lodz.pl\/index.php?rest_route=%2Fwp%2Fv2%2Fmedia&parent=122"}],"curies":[{"name":"wp","href":"https:\/\/api.w.org\/{rel}","templated":true}]}}