{"id":120,"date":"2019-04-23T11:18:48","date_gmt":"2019-04-23T09:18:48","guid":{"rendered":"http:\/\/localhost\/owrk\/?page_id=120"},"modified":"2019-06-10T11:54:54","modified_gmt":"2019-06-10T09:54:54","slug":"rehabilitacja-hybrydowa","status":"publish","type":"page","link":"https:\/\/rehabilitacjakardiologiczna.kopernik.lodz.pl\/?page_id=120","title":{"rendered":"Rehabilitacja hybrydowa"},"content":{"rendered":"<p>Hybrydowa rehabilitacja kardiologiczna jest \u015bwiadczeniem gwarantowanym przez NFZ.\u00a0 Model\u00a0 telerehabilitacji (z wykorzystaniem systemu transmisji danych dzi\u0119ki sieci telefonii kom\u00f3rkowej) zak\u0142ada \u0142\u0105czenie dw\u00f3ch form realizacji \u015bwiadczenia: rehabilitacja kardiologiczna w warunkach oddzia\u0142u dziennego, w warunkach oddzia\u0142u stacjonarnego oraz w miejscu pobytu pacjenta ( w miejscu zamieszkania).<\/p>\n<p><iframe loading=\"lazy\" width=\"560\" height=\"315\" src=\"https:\/\/www.youtube.com\/embed\/w7ul9wDDsgA\" frameborder=\"0\" allow=\"accelerometer; autoplay; encrypted-media; gyroscope; picture-in-picture\" allowfullscreen><\/iframe><\/p>\n<p>Okres wst\u0119pny rehabilitacji hybrydowej jest realizowany w oddziale stacjonarnym lub oddziale dziennym rehabilitacji kardiologicznej.\u00a0 Zakres \u015bwiadczenia obejmuje:<\/p>\n<ul>\n<li>Ocen\u0119 stanu klinicznego pacjenta i optymalizacj\u0119 farmakoterapii (badanie lekarskie, uzupe\u0142nienie bada\u0144 laboratoryjnych, wykonanie bada\u0144: EKG i echokardiograficznego serca).<\/li>\n<li>Ocen\u0119 tolerancji wysi\u0142ku, wydolno\u015bci fizycznej (elektrokardiograficzny lub\u00a0 spiroergometryczny test wysi\u0142kowy).<\/li>\n<li>Opracowanie indywidualnego programu treningu fizycznego uwzgl\u0119dniaj\u0105cego: czas trwania, cz\u0119stotliwo\u015b\u0107 wysi\u0142ku, intensywno\u015b\u0107, charakter wysi\u0142ku), metody treningowe.<\/li>\n<li>Zaprogramowanie aparatury steruj\u0105co-monitoruj\u0105cej u\u017cywanej przez pacjenta.<\/li>\n<\/ul>\n<p>Okres zasadniczy rehabilitacji hybrydowej jest realizowany w miejscu pobytu pacjenta znajduj\u0105cego si\u0119 w zasi\u0119gu sieci telefonii kom\u00f3rkowej.\u00a0 Zakres \u015bwiadczenia obejmuje zdalnie sterowan\u0105, interaktywn\u0105 kompleksow\u0105 telerehabilitacj\u0119 domow\u0105, realizowan\u0105 zgodnie z przygotowanym indywidualnie programem, koordynowanym przez Centrum Telerehabilitacji.<\/p>\n<p>\u0141\u0105czny okres telerehabilitacji wynosi: okres wst\u0119pny w oddziale stacjonarnym lub dziennym do 5 dni, okres zasadniczy w miejscu pobytu pacjenta obejmuj\u0105cy 24 sesje treningowe zaplanowane indywidualnie dla ka\u017cdego pacjenta wed\u0142ug obowi\u0105zuj\u0105cych standard\u00f3w w zale\u017cno\u015bci od stanu klinicznego, trwaj\u0105ce do 60 minut.<\/p>\n","protected":false},"excerpt":{"rendered":"<p>Hybrydowa rehabilitacja kardiologiczna jest \u015bwiadczeniem gwarantowanym przez NFZ.\u00a0 Model\u00a0 telerehabilitacji (z wykorzystaniem systemu transmisji danych dzi\u0119ki sieci telefonii kom\u00f3rkowej) zak\u0142ada \u0142\u0105czenie dw\u00f3ch form realizacji \u015bwiadczenia: rehabilitacja kardiologiczna w warunkach oddzia\u0142u dziennego, w warunkach oddzia\u0142u stacjonarnego oraz w miejscu pobytu pacjenta ( w miejscu zamieszkania). Okres wst\u0119pny rehabilitacji hybrydowej jest realizowany w oddziale stacjonarnym lub oddziale [&hellip;]<\/p>\n","protected":false},"author":1,"featured_media":0,"parent":0,"menu_order":0,"comment_status":"closed","ping_status":"closed","template":"","meta":{"_acf_changed":false,"footnotes":""},"class_list":["post-120","page","type-page","status-publish","hentry"],"acf":[],"_links":{"self":[{"href":"https:\/\/rehabilitacjakardiologiczna.kopernik.lodz.pl\/index.php?rest_route=\/wp\/v2\/pages\/120","targetHints":{"allow":["GET"]}}],"collection":[{"href":"https:\/\/rehabilitacjakardiologiczna.kopernik.lodz.pl\/index.php?rest_route=\/wp\/v2\/pages"}],"about":[{"href":"https:\/\/rehabilitacjakardiologiczna.kopernik.lodz.pl\/index.php?rest_route=\/wp\/v2\/types\/page"}],"author":[{"embeddable":true,"href":"https:\/\/rehabilitacjakardiologiczna.kopernik.lodz.pl\/index.php?rest_route=\/wp\/v2\/users\/1"}],"replies":[{"embeddable":true,"href":"https:\/\/rehabilitacjakardiologiczna.kopernik.lodz.pl\/index.php?rest_route=%2Fwp%2Fv2%2Fcomments&post=120"}],"version-history":[{"count":5,"href":"https:\/\/rehabilitacjakardiologiczna.kopernik.lodz.pl\/index.php?rest_route=\/wp\/v2\/pages\/120\/revisions"}],"predecessor-version":[{"id":228,"href":"https:\/\/rehabilitacjakardiologiczna.kopernik.lodz.pl\/index.php?rest_route=\/wp\/v2\/pages\/120\/revisions\/228"}],"wp:attachment":[{"href":"https:\/\/rehabilitacjakardiologiczna.kopernik.lodz.pl\/index.php?rest_route=%2Fwp%2Fv2%2Fmedia&parent=120"}],"curies":[{"name":"wp","href":"https:\/\/api.w.org\/{rel}","templated":true}]}}