{"id":114,"date":"2019-04-23T11:18:19","date_gmt":"2019-04-23T09:18:19","guid":{"rendered":"http:\/\/localhost\/owrk\/?page_id=114"},"modified":"2019-06-10T12:25:03","modified_gmt":"2019-06-10T10:25:03","slug":"rehabilitacja-kardiologiczna","status":"publish","type":"page","link":"https:\/\/rehabilitacjakardiologiczna.kopernik.lodz.pl\/?page_id=114","title":{"rendered":"Rehabilitacja kardiologiczna"},"content":{"rendered":"<p><strong>Na rehabilitacj\u0119 kardiologiczn\u0105 powinny by\u0107 skierowane przede wszystkim osoby:<\/strong><\/p>\n<ul>\n<li>po przebytym zawale serca<\/li>\n<li>po plastyce naczy\u0144 wie\u0144cowych<\/li>\n<li>po zabiegach kardiochirurgicznych<\/li>\n<li>po wszczepieniu urz\u0105dze\u0144 wspomagaj\u0105cych prac\u0119 serca<\/li>\n<li>z niewydolno\u015bci\u0105 kr\u0105\u017cenia, nadci\u015bnieniem t\u0119tniczym, cukrzyc\u0105 i innymi schorzeniami wsp\u00f3\u0142istniej\u0105cymi.<\/li>\n<\/ul>\n<p><strong>Cele rehabilitacji kardiologicznej<\/strong><\/p>\n<ul>\n<li>kontynuacja leczenia farmakologicznego<\/li>\n<li>stosownie \u0107wicze\u0144 i trening\u00f3w w celu poprawy kondycji fizycznej i wydolno\u015bci kr\u0105\u017cenia<\/li>\n<li>przygotowanie do wykonywania codziennych obowi\u0105zk\u00f3w<\/li>\n<li>przyspieszenie powrotu do pracy zawodowej<\/li>\n<li>popraw\u0119 stanu psychicznego<\/li>\n<li>stosowanie odpowiedniej diety<\/li>\n<li>profilaktyk\u0119 chor\u00f3b uk\u0142adu kr\u0105\u017cenia<\/li>\n<\/ul>\n<p><strong>Zakres bada\u0144 diagnostycznych wykonywanych w O\u015brodku<\/strong><\/p>\n<ul>\n<li>EKG standardowe<\/li>\n<li>24-godzinne EKG metod\u0105 Holtera<\/li>\n<li>24-godzinne badanie ci\u015bnienia t\u0119tniczego<\/li>\n<li>test wysi\u0142kowy<\/li>\n<li>badanie echokardiograficzne<\/li>\n<li>badania laboratoryjne<\/li>\n<li>konsultacje specjalistyczne<\/li>\n<\/ul>\n<p><iframe loading=\"lazy\" src=\"https:\/\/www.youtube.com\/embed\/Bac-z9Nsl5k\" width=\"560\" height=\"315\" frameborder=\"0\" allowfullscreen=\"allowfullscreen\"><\/iframe><\/p>\n<p><strong>Formy treningu kardiologicznego<\/strong><\/p>\n<ul>\n<li>\u0107wiczenia oddechowe<\/li>\n<li>gimnastyka usprawniaj\u0105ca<\/li>\n<li>treningi na cykloergometrze<\/li>\n<li>\u0107wiczenia na przyrz\u0105dach<\/li>\n<li>marsz w terenie \u201eNordic Walking\u201d<\/li>\n<\/ul>\n<p><iframe loading=\"lazy\" width=\"560\" height=\"315\" src=\"https:\/\/www.youtube.com\/embed\/lQPqEtmOKTw\" frameborder=\"0\" allow=\"accelerometer; autoplay; encrypted-media; gyroscope; picture-in-picture\" allowfullscreen><\/iframe><\/p>\n<p>Wszystkie w\/w \u0107wiczenia s\u0105 nadzorowane przez wykwalifikowany personel (fizjoterapeuci, piel\u0119gniarki, lekarze kardiolodzy i interni\u015bci) z wykorzystaniem nowoczesnego sprz\u0119tu do rehabilitacji i aparatury medycznej.<\/p>\n<p>Dla pacjent\u00f3w i ich rodzin prowadzone s\u0105 wyk\u0142ady na temat profilaktyki chor\u00f3b uk\u0142adu kr\u0105\u017cenia, zwalczania czynnik\u00f3w mia\u017cd\u017cycy i na temat udzielania pierwszej pomocy w nag\u0142ych wypadkach. Dietetyk udziela porad na temat w\u0142a\u015bciwego od\u017cywiania w chorobach uk\u0142adu kr\u0105\u017cenia, cukrzycy i nadwadze. Psycholog udziela porad i prowadzi treningi relaksacyjne maj\u0105ce na celu zwalczanie l\u0119ku i stresu.<\/p>\n","protected":false},"excerpt":{"rendered":"<p>Na rehabilitacj\u0119 kardiologiczn\u0105 powinny by\u0107 skierowane przede wszystkim osoby: po przebytym zawale serca po plastyce naczy\u0144 wie\u0144cowych po zabiegach kardiochirurgicznych po wszczepieniu urz\u0105dze\u0144 wspomagaj\u0105cych prac\u0119 serca z niewydolno\u015bci\u0105 kr\u0105\u017cenia, nadci\u015bnieniem t\u0119tniczym, cukrzyc\u0105 i innymi schorzeniami wsp\u00f3\u0142istniej\u0105cymi. Cele rehabilitacji kardiologicznej kontynuacja leczenia farmakologicznego stosownie \u0107wicze\u0144 i trening\u00f3w w celu poprawy kondycji fizycznej i wydolno\u015bci kr\u0105\u017cenia przygotowanie [&hellip;]<\/p>\n","protected":false},"author":1,"featured_media":0,"parent":0,"menu_order":0,"comment_status":"closed","ping_status":"closed","template":"","meta":{"_acf_changed":false,"footnotes":""},"class_list":["post-114","page","type-page","status-publish","hentry"],"acf":[],"_links":{"self":[{"href":"https:\/\/rehabilitacjakardiologiczna.kopernik.lodz.pl\/index.php?rest_route=\/wp\/v2\/pages\/114","targetHints":{"allow":["GET"]}}],"collection":[{"href":"https:\/\/rehabilitacjakardiologiczna.kopernik.lodz.pl\/index.php?rest_route=\/wp\/v2\/pages"}],"about":[{"href":"https:\/\/rehabilitacjakardiologiczna.kopernik.lodz.pl\/index.php?rest_route=\/wp\/v2\/types\/page"}],"author":[{"embeddable":true,"href":"https:\/\/rehabilitacjakardiologiczna.kopernik.lodz.pl\/index.php?rest_route=\/wp\/v2\/users\/1"}],"replies":[{"embeddable":true,"href":"https:\/\/rehabilitacjakardiologiczna.kopernik.lodz.pl\/index.php?rest_route=%2Fwp%2Fv2%2Fcomments&post=114"}],"version-history":[{"count":9,"href":"https:\/\/rehabilitacjakardiologiczna.kopernik.lodz.pl\/index.php?rest_route=\/wp\/v2\/pages\/114\/revisions"}],"predecessor-version":[{"id":231,"href":"https:\/\/rehabilitacjakardiologiczna.kopernik.lodz.pl\/index.php?rest_route=\/wp\/v2\/pages\/114\/revisions\/231"}],"wp:attachment":[{"href":"https:\/\/rehabilitacjakardiologiczna.kopernik.lodz.pl\/index.php?rest_route=%2Fwp%2Fv2%2Fmedia&parent=114"}],"curies":[{"name":"wp","href":"https:\/\/api.w.org\/{rel}","templated":true}]}}